{"id":648,"date":"2020-01-04T23:44:05","date_gmt":"2020-01-04T22:44:05","guid":{"rendered":"https:\/\/www.xetex.one\/?page_id=648"},"modified":"2020-04-16T15:44:39","modified_gmt":"2020-04-16T14:44:39","slug":"copy_-01a-dienstleistungen","status":"publish","type":"page","link":"https:\/\/www.xetex.consulting\/","title":{"rendered":"01b &#8211; Dienstleistungen"},"content":{"rendered":"\n<div class=\"wp-block-themeisle-blocks-advanced-columns alignfull has-1-columns has-desktop-equal-layout has-tablet-equal-layout has-mobile-equal-layout has-nogap-gap has-vertical-unset\" id=\"wp-block-themeisle-blocks-advanced-columns-df282d66\"><div class=\"wp-block-themeisle-blocks-advanced-columns-overlay\"><\/div><div class=\"innerblocks-wrap\">\n<div class=\"wp-block-themeisle-blocks-advanced-column\" id=\"wp-block-themeisle-blocks-advanced-column-ea5749e4\">\n<h2 id=\"wp-block-themeisle-blocks-advanced-heading-00c5d3fc\" class=\"wp-block-themeisle-blocks-advanced-heading wp-block-themeisle-blocks-advanced-heading-00c5d3fc\">01<\/h2>\n\n\n\n<h2 id=\"wp-block-themeisle-blocks-advanced-heading-4b4b7977\" class=\"wp-block-themeisle-blocks-advanced-heading wp-block-themeisle-blocks-advanced-heading-4b4b7977\">Unsere Dienstleistungen<\/h2>\n\n\n\n<h2 id=\"wp-block-themeisle-blocks-advanced-heading-d514a3d3\" class=\"wp-block-themeisle-blocks-advanced-heading wp-block-themeisle-blocks-advanced-heading-d514a3d3 ticss-f7f8e55f\">Alle unsere Dienstleistungen&nbsp;verfolgen das Ziel, professionelle L\u00f6sungen f\u00fcr Ihre ICT zur Verf\u00fcgung zu stellen. Unser Consulting und System Engineering Team unterst\u00fctzen sie gerne bei der Planung und Realisierung Ihrer Projekte w\u00e4hrend des gesamten Lebenszyklus <br><strong>&gt; planen &gt; realisieren &gt; betreiben<\/strong><br> \u00dcber den Leistungsumfang unserer Dienstleistungen&nbsp;entscheiden Sie, ganz nach Ihren Bed\u00fcrfnissen.<\/h2>\n\n\n\n<div class=\"wp-block-themeisle-blocks-advanced-columns has-5-columns has-desktop-equal-layout has-tablet-equal-layout has-mobile-collapsedRows-layout has-extended-gap has-vertical-unset ticss-a1f13724\" id=\"wp-block-themeisle-blocks-advanced-columns-2cae481f\"><div class=\"wp-block-themeisle-blocks-advanced-columns-overlay\"><\/div><div class=\"innerblocks-wrap\">\n<div class=\"wp-block-themeisle-blocks-advanced-column ticss-aa2402dd\" id=\"wp-block-themeisle-blocks-advanced-column-4cc9229f\">\n<div class=\"wp-block-themeisle-blocks-service\">\n<div class=\"wp-block-group\"><div class=\"wp-block-group__inner-container is-layout-flow wp-block-group-is-layout-flow\">\n<div class=\"wp-block-group\"><div class=\"wp-block-group__inner-container is-layout-flow wp-block-group-is-layout-flow\">\n<p class=\"wp-block-themeisle-blocks-font-awesome-icons\" id=\"wp-block-themeisle-blocks-font-awesome-icons-b00f10eb\"><span class=\"wp-block-themeisle-blocks-font-awesome-icons-container\"><a href=\"https:\/\/www.xetex.consulting\/?page_id=523\" target=\"_self\" rel=\"noopener noreferrer\"><i class=\"fas fa-cubes\"><\/i><\/a><\/span><\/p>\n<\/div><\/div>\n<\/div><\/div>\n\n\n\n<h5 id=\"wp-block-themeisle-blocks-advanced-heading-29273ebf\" class=\"wp-block-themeisle-blocks-advanced-heading wp-block-themeisle-blocks-advanced-heading-29273ebf\">Core Solutions<\/h5>\n\n\n\n<p id=\"wp-block-themeisle-blocks-advanced-heading-aa0f0bb4\" class=\"wp-block-themeisle-blocks-advanced-heading wp-block-themeisle-blocks-advanced-heading-aa0f0bb4\">Core Solutions bilden die Grundbausteine Ihrer IT Infrastruktur. Wir unterst\u00fctzen Sie gerne zu Themen wie Virtuelle Arbeitspl\u00e4tze und Desktops (VDI), Enterprise Messaging, Verzeichnisdienste.<\/p>\n<\/div>\n<\/div>\n\n\n\n<div class=\"wp-block-themeisle-blocks-advanced-column\" id=\"wp-block-themeisle-blocks-advanced-column-44d13079\">\n<div class=\"wp-block-themeisle-blocks-service\">\n<p class=\"wp-block-themeisle-blocks-font-awesome-icons\" id=\"wp-block-themeisle-blocks-font-awesome-icons-f2007dd9\"><span class=\"wp-block-themeisle-blocks-font-awesome-icons-container\"><a href=\"https:\/\/www.xetex.consulting\/?page_id=435\" target=\"_self\" rel=\"noopener noreferrer\"><i class=\"fas fa-cogs\"><\/i><\/a><\/span><\/p>\n\n\n\n<h5 id=\"wp-block-themeisle-blocks-advanced-heading-043044fc\" class=\"wp-block-themeisle-blocks-advanced-heading wp-block-themeisle-blocks-advanced-heading-043044fc\">IT Services<\/h5>\n\n\n\n<p id=\"wp-block-themeisle-blocks-advanced-heading-02eeece1\" class=\"wp-block-themeisle-blocks-advanced-heading wp-block-themeisle-blocks-advanced-heading-02eeece1\">Mit unseren IT-Services \u00fcbernehmen wir die gesamte Verantwortung oder erf\u00fcllen Teilaufgaben \u2013 ganz nach Ihren W\u00fcnschen und Bed\u00fcrfnissen. <\/p>\n<\/div>\n<\/div>\n\n\n\n<div class=\"wp-block-themeisle-blocks-advanced-column ticss-d50c8787\" id=\"wp-block-themeisle-blocks-advanced-column-3d828bc8\">\n<div class=\"wp-block-themeisle-blocks-service\">\n<p class=\"wp-block-themeisle-blocks-font-awesome-icons\" id=\"wp-block-themeisle-blocks-font-awesome-icons-70b65e2f\"><span class=\"wp-block-themeisle-blocks-font-awesome-icons-container\"><a href=\"https:\/\/www.xetex.consulting\/?page_id=432\" target=\"_self\" rel=\"noopener noreferrer\"><i class=\"fas fa-cloud\"><\/i><\/a><\/span><\/p>\n\n\n\n<h5 id=\"wp-block-themeisle-blocks-advanced-heading-425f60fc\" class=\"wp-block-themeisle-blocks-advanced-heading wp-block-themeisle-blocks-advanced-heading-425f60fc\">Virtualization<\/h5>\n\n\n\n<p id=\"wp-block-themeisle-blocks-advanced-heading-a7d81bdc\" class=\"wp-block-themeisle-blocks-advanced-heading wp-block-themeisle-blocks-advanced-heading-a7d81bdc ticss-7aef7c67\">Vom virtuellen Single-Server bis zur virtuellen Datacenter-Infrastruktur: Bei uns finden Sie die passenden Experten.<\/p>\n<\/div>\n<\/div>\n\n\n\n<div class=\"wp-block-themeisle-blocks-advanced-column ticss-a152bf6f\" id=\"wp-block-themeisle-blocks-advanced-column-678cd7a0\">\n<div class=\"wp-block-themeisle-blocks-service\">\n<p class=\"wp-block-themeisle-blocks-font-awesome-icons\" id=\"wp-block-themeisle-blocks-font-awesome-icons-cc7d5c8b\"><span class=\"wp-block-themeisle-blocks-font-awesome-icons-container\"><a href=\"https:\/\/www.xetex.consulting\/?page_id=439\" target=\"_self\" rel=\"noopener noreferrer\"><i class=\"fas fa-shield-alt\"><\/i><\/a><\/span><\/p>\n\n\n\n<h5 id=\"wp-block-themeisle-blocks-advanced-heading-2d1c84a1\" class=\"wp-block-themeisle-blocks-advanced-heading wp-block-themeisle-blocks-advanced-heading-2d1c84a1\">Security<\/h5>\n\n\n\n<p id=\"wp-block-themeisle-blocks-advanced-heading-98036e79\" class=\"wp-block-themeisle-blocks-advanced-heading wp-block-themeisle-blocks-advanced-heading-98036e79\">Die Daten Ihres Unternehmens sind das wertvollste Gut. Xetex Consulting AG unterst\u00fctzt Sie dabei Ihre Daten zu sch\u00fctzen. <\/p>\n<\/div>\n<\/div>\n\n\n\n<div class=\"wp-block-themeisle-blocks-advanced-column ticss-c388d83d\" id=\"wp-block-themeisle-blocks-advanced-column-1b748485\">\n<p class=\"wp-block-themeisle-blocks-font-awesome-icons ticss-28437c11\" id=\"wp-block-themeisle-blocks-font-awesome-icons-c7c6cfdb\"><span class=\"wp-block-themeisle-blocks-font-awesome-icons-container\"><a href=\"https:\/\/www.xetex.consulting\/?page_id=446\" target=\"_self\" rel=\"noopener noreferrer\"><i class=\"fab fa-ioxhost\"><\/i><\/a><\/span><\/p>\n\n\n\n<h5 id=\"wp-block-themeisle-blocks-advanced-heading-63474435\" class=\"wp-block-themeisle-blocks-advanced-heading wp-block-themeisle-blocks-advanced-heading-63474435\">Hosting<\/h5>\n\n\n\n<p id=\"wp-block-themeisle-blocks-advanced-heading-5666e1c1\" class=\"wp-block-themeisle-blocks-advanced-heading wp-block-themeisle-blocks-advanced-heading-5666e1c1\">Xetex bietet Ihnen ein individuelles Hosting f\u00fcr Ihre Infrastruktur an.<br>Ein einzelner VDI, Backup oder komplettes Hosting Ihrer Infrastruktur? Wir bieten Ihnen f\u00fcr verschiedenste Bed\u00fcrfnisse die optimale L\u00f6sung an!<\/p>\n<\/div>\n<\/div><\/div>\n<\/div>\n<\/div><\/div>\n","protected":false},"excerpt":{"rendered":"","protected":false},"author":1,"featured_media":0,"parent":0,"menu_order":0,"comment_status":"closed","ping_status":"closed","template":"","meta":{"neve_meta_sidebar":"full-width","neve_meta_container":"","neve_meta_enable_content_width":"on","neve_meta_content_width":100,"neve_meta_title_alignment":"","neve_meta_author_avatar":"","neve_post_elements_order":"","neve_meta_disable_header":"","neve_meta_disable_footer":"","neve_meta_disable_title":"on","ngg_post_thumbnail":0,"_themeisle_gutenberg_block_has_review":false,"footnotes":""},"class_list":["post-648","page","type-page","status-publish","hentry"],"_links":{"self":[{"href":"https:\/\/www.xetex.consulting\/index.php?rest_route=\/wp\/v2\/pages\/648","targetHints":{"allow":["GET"]}}],"collection":[{"href":"https:\/\/www.xetex.consulting\/index.php?rest_route=\/wp\/v2\/pages"}],"about":[{"href":"https:\/\/www.xetex.consulting\/index.php?rest_route=\/wp\/v2\/types\/page"}],"author":[{"embeddable":true,"href":"https:\/\/www.xetex.consulting\/index.php?rest_route=\/wp\/v2\/users\/1"}],"replies":[{"embeddable":true,"href":"https:\/\/www.xetex.consulting\/index.php?rest_route=%2Fwp%2Fv2%2Fcomments&post=648"}],"version-history":[{"count":14,"href":"https:\/\/www.xetex.consulting\/index.php?rest_route=\/wp\/v2\/pages\/648\/revisions"}],"predecessor-version":[{"id":765,"href":"https:\/\/www.xetex.consulting\/index.php?rest_route=\/wp\/v2\/pages\/648\/revisions\/765"}],"wp:attachment":[{"href":"https:\/\/www.xetex.consulting\/index.php?rest_route=%2Fwp%2Fv2%2Fmedia&parent=648"}],"curies":[{"name":"wp","href":"https:\/\/api.w.org\/{rel}","templated":true}]}}